{"id":2,"date":"2015-09-16T04:24:25","date_gmt":"2015-09-16T04:24:25","guid":{"rendered":"http:\/\/wp431m.a10-52-158-154.qa.plesk.ru\/wordpress\/?page_id=2"},"modified":"2018-04-23T12:48:17","modified_gmt":"2018-04-23T12:48:17","slug":"sample-page","status":"publish","type":"page","link":"https:\/\/bcwil.org.pl\/?page_id=2","title":{"rendered":"O NAS"},"content":{"rendered":"<p><strong>Celem Stowarzyszenia s\u0105 mi\u0119dzy innymi:<\/strong><\/p>\n<ul>\n<li>dzia\u0142alno\u015b\u0107 edukacyjna i naukowa, o\u015bwiatowa i publicystyczna, szczeg\u00f3lnie w zakresie promocji idei Zjednoczonej Europy<\/li>\n<li>kszta\u0142towanie postaw indywidualnych i spo\u0142ecznych w oparciu o warto\u015bci szeroko pojmowanego europejskiego kr\u0119gu kulturowego<\/li>\n<li>kszta\u0142towanie \u015bwiadomo\u015bci europejskiej<\/li>\n<li>wsp\u00f3\u0142praca z krajowymi i zagranicznymi organizacjami pozarz\u0105dowymi<\/li>\n<li>dzia\u0142alno\u015b\u0107 kulturalna, o\u015bwiatowa, w zakresie sportu, turystyki i rekreacji.<\/li>\n<\/ul>\n<p style=\"text-align: justify;\"><strong>Misja<\/strong><\/p>\n<p style=\"text-align: justify;\">Jeste\u015bmy organizacj\u0105 dzia\u0142aj\u0105c\u0105 na rzecz m\u0142odzie\u017cy Polski Po\u0142udniowo &#8211; Wschodniej. Chcemy, by poprzez udzia\u0142 w realizowanych przez nas programach m\u0142odzie\u017c mog\u0142a zdobywa\u0107 potrzebn\u0105 wiedz\u0119 i nowe umiej\u0119tno\u015bci. Zach\u0119camy m\u0142odych ludzi do przyjmowania postaw, kt\u00f3re pomog\u0105 im sta\u0107 si\u0119 aktywnymi i dojrza\u0142ymi osobami gotowymi stawi\u0107 czo\u0142a wyzwaniom wsp\u00f3\u0142czesnego \u015bwiata.<\/p>\n<p style=\"text-align: justify;\">Bardzo wa\u017cn\u0105 cz\u0119\u015b\u0107 naszej dzia\u0142alno\u015b\u0107 stanowi r\u00f3wnie\u017c promowanie spo\u0142ecze\u0144stwa obywatelskiego i zasad demokracji oraz inicjowanie i organizowanie dzia\u0142a\u0144 spo\u0142eczno\u015bci lokalnych. Nasze inicjatywy promuj\u0105 wsp\u00f3\u0142prac\u0119 mi\u0119dzynarodow\u0105 oraz budowanie wzajemnego zaufania pomi\u0119dzy lud\u017ami r\u00f3\u017cnych narodowo\u015bci i kultur.<\/p>\n<p style=\"text-align: justify;\">Organizujemy przedsi\u0119wzi\u0119cia umo\u017cliwiaj\u0105ce wymian\u0119 wiedzy i przenoszenie do\u015bwiadcze\u0144 pomi\u0119dzy lud\u017ami. Pomagamy doskonali\u0107 umiej\u0119tno\u015bci os\u00f3b dzia\u0142aj\u0105cych w organizacjach non &#8211; profit, szerzymy wiedz\u0119 o dzisiejszym \u015bwiecie. Zdobytym do\u015bwiadczeniem pragniemy dzieli\u0107 si\u0119 z m\u0142odymi lud\u017ami z Europy \u015arodkowo \u2013 Wschodniej oraz Kaukazu.<\/p>\n","protected":false},"excerpt":{"rendered":"<p>Celem Stowarzyszenia s\u0105 mi\u0119dzy innymi: dzia\u0142alno\u015b\u0107 edukacyjna i naukowa, o\u015bwiatowa i publicystyczna, szczeg\u00f3lnie w zakresie promocji idei Zjednoczonej Europy kszta\u0142towanie postaw indywidualnych i spo\u0142ecznych w oparciu o warto\u015bci szeroko pojmowanego europejskiego kr\u0119gu kulturowego kszta\u0142towanie \u015bwiadomo\u015bci europejskiej wsp\u00f3\u0142praca z krajowymi i zagranicznymi organizacjami pozarz\u0105dowymi dzia\u0142alno\u015b\u0107 kulturalna, o\u015bwiatowa, w zakresie sportu, turystyki i rekreacji. Misja Jeste\u015bmy organizacj\u0105 &hellip; <a href=\"https:\/\/bcwil.org.pl\/?page_id=2\" class=\"more-link\">Czytaj dalej <span class=\"screen-reader-text\">O NAS<\/span> <span class=\"meta-nav\">&rarr;<\/span><\/a><\/p>\n","protected":false},"author":1,"featured_media":0,"parent":0,"menu_order":0,"comment_status":"closed","ping_status":"open","template":"","meta":{"footnotes":""},"class_list":["post-2","page","type-page","status-publish","hentry"],"_links":{"self":[{"href":"https:\/\/bcwil.org.pl\/index.php?rest_route=\/wp\/v2\/pages\/2","targetHints":{"allow":["GET"]}}],"collection":[{"href":"https:\/\/bcwil.org.pl\/index.php?rest_route=\/wp\/v2\/pages"}],"about":[{"href":"https:\/\/bcwil.org.pl\/index.php?rest_route=\/wp\/v2\/types\/page"}],"author":[{"embeddable":true,"href":"https:\/\/bcwil.org.pl\/index.php?rest_route=\/wp\/v2\/users\/1"}],"replies":[{"embeddable":true,"href":"https:\/\/bcwil.org.pl\/index.php?rest_route=%2Fwp%2Fv2%2Fcomments&post=2"}],"version-history":[{"count":12,"href":"https:\/\/bcwil.org.pl\/index.php?rest_route=\/wp\/v2\/pages\/2\/revisions"}],"predecessor-version":[{"id":82,"href":"https:\/\/bcwil.org.pl\/index.php?rest_route=\/wp\/v2\/pages\/2\/revisions\/82"}],"wp:attachment":[{"href":"https:\/\/bcwil.org.pl\/index.php?rest_route=%2Fwp%2Fv2%2Fmedia&parent=2"}],"curies":[{"name":"wp","href":"https:\/\/api.w.org\/{rel}","templated":true}]}}