{"id":18,"date":"2015-10-19T07:43:03","date_gmt":"2015-10-19T07:43:03","guid":{"rendered":"http:\/\/specmed.nazwa.pl\/1-domeny\/bcwil2\/?page_id=18"},"modified":"2015-10-19T08:08:48","modified_gmt":"2015-10-19T08:08:48","slug":"18-2","status":"publish","type":"page","link":"https:\/\/bcwil.org.pl\/","title":{"rendered":"WITAMY NA NASZEJ STRONIE"},"content":{"rendered":"<p style=\"text-align: justify;\">Jeste\u015bmy organizacj\u0105 dzia\u0142aj\u0105c\u0105 na rzecz m\u0142odzie\u017cy Polski Po\u0142udniowo \u2013 Wschodniej. Chcemy, by poprzez udzia\u0142 w realizowanych przez nas programach m\u0142odzie\u017c mog\u0142a zdobywa\u0107 potrzebn\u0105 wiedz\u0119 i nowe umiej\u0119tno\u015bci. Zach\u0119camy m\u0142odych ludzi do przyjmowania postaw, kt\u00f3re pomog\u0105 im sta\u0107 si\u0119 aktywnymi i dojrza\u0142ymi osobami gotowymi stawi\u0107 czo\u0142a wyzwaniom wsp\u00f3\u0142czesnego \u015bwiata.<\/p>\n<p style=\"text-align: justify;\">Bardzo wa\u017cn\u0105 cz\u0119\u015b\u0107 naszej dzia\u0142alno\u015b\u0107 stanowi r\u00f3wnie\u017c promowanie spo\u0142ecze\u0144stwa obywatelskiego i zasad demokracji oraz inicjowanie i organizowanie dzia\u0142a\u0144 spo\u0142eczno\u015bci lokalnych. Nasze inicjatywy promuj\u0105 wsp\u00f3\u0142prac\u0119 mi\u0119dzynarodow\u0105 oraz budowanie wzajemnego zaufania pomi\u0119dzy lud\u017ami r\u00f3\u017cnych narodowo\u015bci i kultur.<\/p>\n<p style=\"text-align: justify;\">Organizujemy przedsi\u0119wzi\u0119cia umo\u017cliwiaj\u0105ce wymian\u0119 wiedzy i przenoszenie do\u015bwiadcze\u0144 pomi\u0119dzy lud\u017ami. Pomagamy doskonali\u0107 umiej\u0119tno\u015bci os\u00f3b dzia\u0142aj\u0105cych w organizacjach non \u2013 profit, szerzymy wiedz\u0119 o dzisiejszym \u015bwiecie. Zdobytym do\u015bwiadczeniem pragniemy dzieli\u0107 si\u0119 z m\u0142odymi lud\u017ami z Europy \u015arodkowo \u2013 Wschodniej oraz Kaukazu.<\/p>\n","protected":false},"excerpt":{"rendered":"<p>Jeste\u015bmy organizacj\u0105 dzia\u0142aj\u0105c\u0105 na rzecz m\u0142odzie\u017cy Polski Po\u0142udniowo \u2013 Wschodniej. Chcemy, by poprzez udzia\u0142 w realizowanych przez nas programach m\u0142odzie\u017c mog\u0142a zdobywa\u0107 potrzebn\u0105 wiedz\u0119 i nowe umiej\u0119tno\u015bci. Zach\u0119camy m\u0142odych ludzi do przyjmowania postaw, kt\u00f3re pomog\u0105 im sta\u0107 si\u0119 aktywnymi i dojrza\u0142ymi osobami gotowymi stawi\u0107 czo\u0142a wyzwaniom wsp\u00f3\u0142czesnego \u015bwiata. Bardzo wa\u017cn\u0105 cz\u0119\u015b\u0107 naszej dzia\u0142alno\u015b\u0107 stanowi r\u00f3wnie\u017c &hellip; <a href=\"https:\/\/bcwil.org.pl\/\" class=\"more-link\">Czytaj dalej <span class=\"screen-reader-text\">WITAMY NA NASZEJ STRONIE<\/span> <span class=\"meta-nav\">&rarr;<\/span><\/a><\/p>\n","protected":false},"author":1,"featured_media":0,"parent":0,"menu_order":0,"comment_status":"closed","ping_status":"closed","template":"","meta":{"footnotes":""},"class_list":["post-18","page","type-page","status-publish","hentry"],"_links":{"self":[{"href":"https:\/\/bcwil.org.pl\/index.php?rest_route=\/wp\/v2\/pages\/18","targetHints":{"allow":["GET"]}}],"collection":[{"href":"https:\/\/bcwil.org.pl\/index.php?rest_route=\/wp\/v2\/pages"}],"about":[{"href":"https:\/\/bcwil.org.pl\/index.php?rest_route=\/wp\/v2\/types\/page"}],"author":[{"embeddable":true,"href":"https:\/\/bcwil.org.pl\/index.php?rest_route=\/wp\/v2\/users\/1"}],"replies":[{"embeddable":true,"href":"https:\/\/bcwil.org.pl\/index.php?rest_route=%2Fwp%2Fv2%2Fcomments&post=18"}],"version-history":[{"count":6,"href":"https:\/\/bcwil.org.pl\/index.php?rest_route=\/wp\/v2\/pages\/18\/revisions"}],"predecessor-version":[{"id":36,"href":"https:\/\/bcwil.org.pl\/index.php?rest_route=\/wp\/v2\/pages\/18\/revisions\/36"}],"wp:attachment":[{"href":"https:\/\/bcwil.org.pl\/index.php?rest_route=%2Fwp%2Fv2%2Fmedia&parent=18"}],"curies":[{"name":"wp","href":"https:\/\/api.w.org\/{rel}","templated":true}]}}