{"id":10,"date":"2015-10-16T10:31:12","date_gmt":"2015-10-16T10:31:12","guid":{"rendered":"http:\/\/specmed.nazwa.pl\/1-domeny\/bcwil2\/?page_id=10"},"modified":"2019-12-28T14:45:27","modified_gmt":"2019-12-28T14:45:27","slug":"dzialania","status":"publish","type":"page","link":"https:\/\/bcwil.org.pl\/?page_id=10","title":{"rendered":"DZIA\u0141ANIA"},"content":{"rendered":"<p>2018-2019<\/p>\n<p>Organizacja wyjazd\u00f3w uczni\u00f3w na praktyki studenckie z programu <strong>Erasmus +<\/strong> <a href=\"http:\/\/serwer1878117.home.pl\/domeny\/bcwil\/wp-content\/uploads\/2015\/10\/logo.png\"><img loading=\"lazy\" decoding=\"async\" class=\"size-full wp-image-64 aligncenter\" src=\"http:\/\/serwer1878117.home.pl\/domeny\/bcwil\/wp-content\/uploads\/2015\/10\/logo.png\" alt=\"logo\" width=\"256\" height=\"120\" \/><\/a><\/p>\n<p>2016<\/p>\n<p>Wsp\u00f3\u0142praca z Liceum Plastycznym im. Tadeusza Brzozowskiego w Kro\u015bnie<\/p>\n<div align=\"center\"><a href=\"http:\/\/serwer1878117.home.pl\/domeny\/bcwil\/wp-content\/uploads\/2018\/04\/liceum-plastyczne.jpg\"><img loading=\"lazy\" decoding=\"async\" class=\"alignnone size-medium wp-image-79\" src=\"http:\/\/serwer1878117.home.pl\/domeny\/bcwil\/wp-content\/uploads\/2018\/04\/liceum-plastyczne-212x300.jpg\" alt=\"\" width=\"212\" height=\"300\" srcset=\"https:\/\/bcwil.org.pl\/wp-content\/uploads\/2018\/04\/liceum-plastyczne-212x300.jpg 212w, https:\/\/bcwil.org.pl\/wp-content\/uploads\/2018\/04\/liceum-plastyczne-768x1087.jpg 768w, https:\/\/bcwil.org.pl\/wp-content\/uploads\/2018\/04\/liceum-plastyczne-723x1024.jpg 723w, https:\/\/bcwil.org.pl\/wp-content\/uploads\/2018\/04\/liceum-plastyczne.jpg 904w\" sizes=\"auto, (max-width: 212px) 100vw, 212px\" \/><\/a><\/div>\n<p>2016-2017<\/p>\n<p>Organizacja wyjazd\u00f3w uczni\u00f3w na praktyki studenckie z programu <strong>Erasmus +<\/strong> <a href=\"http:\/\/serwer1878117.home.pl\/domeny\/bcwil\/wp-content\/uploads\/2015\/10\/logo.png\"><img loading=\"lazy\" decoding=\"async\" class=\"size-full wp-image-64 aligncenter\" src=\"http:\/\/serwer1878117.home.pl\/domeny\/bcwil\/wp-content\/uploads\/2015\/10\/logo.png\" alt=\"logo\" width=\"256\" height=\"120\" \/><\/a><\/p>\n<hr \/>\n<p>2013-2014<\/p>\n<p style=\"text-align: justify;\"><strong>JAKO WOLONTARIUSZ POTRAFI\u0118 POMAGA\u0106<\/strong><\/p>\n<p style=\"text-align: justify;\"><a href=\"http:\/\/wolontariat-pomagam.pl\/pl\/\" target=\"_blank\"><img loading=\"lazy\" decoding=\"async\" class=\"aligncenter wp-image-50\" src=\"http:\/\/specmed.nazwa.pl\/1-domeny\/bcwil2\/wp-content\/uploads\/2015\/10\/wolntariat-300x92.png\" alt=\"wolntariat\" width=\"378\" height=\"116\" \/><\/a>Projekt Stowarzyszenia Bieszczadzkie Centrum Wspierania Inicjatyw Lokalnych pt. \u201eJako wolontariusz potrafi\u0119 pomaga\u0107\u201d, za g\u0142\u00f3wny cel projektu zak\u0142ada rozw\u00f3j spo\u0142ecze\u0144stwa obywatelskiego poprzez promocje wolontariatu w\u015br\u00f3d m\u0142odzie\u017cy oraz ratownictwa medycznego, przyczyniaj\u0105c si\u0119 do wzrostu ich liczby. Promuj\u0105cy tym samym rozw\u00f3j aktywno\u015bci obywatelskiej, wsparcie rozwoju spo\u0142ecze\u0144stwa obywatelskiego oraz promowanie jego roli jako wa\u017cnego uczestnika. Projekt s\u0142u\u017cy rozwijaniu postaw obywatelskich w\u015br\u00f3d dzieci i m\u0142odzie\u017cy, anga\u017cowaniu si\u0119 m\u0142odzie\u017cy na rzecz \u015brodowiska lokalnego.<\/p>\n<p style=\"text-align: justify;\">Cel- zach\u0119canie m\u0142odzie\u017cy do wolontariatu w r\u00f3\u017cnych formach organizacyjnych, oraz \u201ewyposa\u017cenie\u201d ich w umiej\u0119tno\u015b\u0107 prawid\u0142owego reagowania w sytuacji zagro\u017cenia. W trakcie realizacji projektu powstanie portal internetowy, narz\u0119dzie do kontaktu organizacji z wolontariuszami.<\/p>\n<p style=\"text-align: justify;\">W ramach projektu przeszkolono w udzielaniu pierwszej pomocy przedmedycznej grup\u0119 ponad 600 uczni\u00f3w szk\u00f3\u0142 na terenie miasta Krosna.<\/p>\n<p style=\"text-align: justify;\">Efektem programu jest r\u00f3wnie\u017c portal dotycz\u0105cy idei wolontariatu:<\/p>\n<hr \/>\n<p style=\"text-align: justify;\">01.09-02.11.2010<\/p>\n<p style=\"text-align: justify;\"><span style=\"color: #993300;\">\u201e<strong>DIFFERENT COLOURS OF EUROPE\u201d<\/strong> <\/span>Partnerzy projektu pochodzili z 4 europejskich kraj\u00f3w(Anglia, Polska, S\u0142owacja, Hiszpania). Cel dzia\u0142ania: dzia\u0142ania edukacyjne z zakresu kultury, tradycji, globalizacji, to\u017csamo\u015bci, regionalizmu<\/p>\n<hr \/>\n<p style=\"text-align: justify;\">\u00a001.07-10.10-2010<\/p>\n<p style=\"text-align: justify;\"><strong><span style=\"color: #993300;\">\u201eEUROPE- OUR PLACE TO LIVE\u201d<\/span><\/strong> Drohobycze na Ukrainie. Rozwija\u0107 obywatelstwo europejskie, oraz pog\u0142\u0119bia\u0107 wzajemne zrozumienie mi\u0119dzy m\u0142odzie\u017c\u0105 r\u00f3\u017cnych kraj\u00f3w. Projekt dofinansowany z Programu \u201eM\u0142odzie\u017c w dzia\u0142aniu\u201d.<\/p>\n<hr \/>\n<p style=\"text-align: justify;\">01.09-30.01.2009<\/p>\n<p style=\"text-align: justify;\"><span style=\"color: #993300;\"><strong>\u201eRELAX, TAKE IT EASY\u201d<\/strong><\/span> Rozwijanie poczucia solidarno\u015bci, promocj\u0119 tolerancji w\u015br\u00f3d m\u0142odzie\u017cy, w szczeg\u00f3lno\u015bci wzmocnienie sp\u00f3jno\u015bci spo\u0142ecznej w Unii Europejskiej, pog\u0142\u0119bianie wzajemnego zrozumienia mi\u0119dzy m\u0142odzie\u017c\u0105 r\u00f3\u017cnych kraj\u00f3w. Projekt dofinansowany z Programu \u201eM\u0142odzie\u017c w dzia\u0142aniu\u201d.<\/p>\n<hr \/>\n<p style=\"text-align: justify;\">15.05-12.09.2008<\/p>\n<p style=\"text-align: justify;\"><strong><span style=\"color: #993300;\">\u201eWE ALL ARE CITIZENS OF EUROPE \u2013 POLISH \u2013 LITHUANIAN COOPERATION IN NGO\u2019S SECTOR\u201d<\/span> <\/strong>Projekt wymiana m\u0142odzie\u017cowej, m\u0142odzie\u017c z Polski i Litwy. Cel: poznanie kultury, j\u0119zyk\u00f3w, historii, tradycji i codziennego \u017cycia, oraz budowanie przyjaznej wsp\u00f3\u0142pracy mi\u0119dzy Narodami. Program dofinansowany z Polsko-Litewskiego funduszu wymiany m\u0142odzie\u017cy.<\/p>\n<hr \/>\n<p style=\"text-align: justify;\">01.05\u201330.08.2008<\/p>\n<p style=\"text-align: justify;\"><strong><span style=\"color: #993300;\">\u201eBE POSITIVE\u201d<\/span> <\/strong>Wymiana m\u0142odzie\u017cy, mia\u0142 miejsce w Azerbejd\u017canie. Beneficjenci projektu-m\u0142odzie\u017c z UE i kraj\u00f3w EECA. Projekt mia\u0142 na celu promocje aktywno\u015bci obywatelskiej m\u0142odzie\u017cy, a w szczeg\u00f3lno\u015bci obywatelstwo europejskie. Dofinansowany z Programu \u201eM\u0142odzie\u017c w dzia\u0142aniu\u201d.<\/p>\n","protected":false},"excerpt":{"rendered":"<p>2018-2019 Organizacja wyjazd\u00f3w uczni\u00f3w na praktyki studenckie z programu Erasmus + 2016 Wsp\u00f3\u0142praca z Liceum Plastycznym im. Tadeusza Brzozowskiego w Kro\u015bnie 2016-2017 Organizacja wyjazd\u00f3w uczni\u00f3w na praktyki studenckie z programu Erasmus + 2013-2014 JAKO WOLONTARIUSZ POTRAFI\u0118 POMAGA\u0106 Projekt Stowarzyszenia Bieszczadzkie Centrum Wspierania Inicjatyw Lokalnych pt. \u201eJako wolontariusz potrafi\u0119 pomaga\u0107\u201d, za g\u0142\u00f3wny cel projektu zak\u0142ada rozw\u00f3j &hellip; <a href=\"https:\/\/bcwil.org.pl\/?page_id=10\" class=\"more-link\">Czytaj dalej <span class=\"screen-reader-text\">DZIA\u0141ANIA<\/span> <span class=\"meta-nav\">&rarr;<\/span><\/a><\/p>\n","protected":false},"author":1,"featured_media":0,"parent":0,"menu_order":0,"comment_status":"closed","ping_status":"closed","template":"","meta":{"footnotes":""},"class_list":["post-10","page","type-page","status-publish","hentry"],"_links":{"self":[{"href":"https:\/\/bcwil.org.pl\/index.php?rest_route=\/wp\/v2\/pages\/10","targetHints":{"allow":["GET"]}}],"collection":[{"href":"https:\/\/bcwil.org.pl\/index.php?rest_route=\/wp\/v2\/pages"}],"about":[{"href":"https:\/\/bcwil.org.pl\/index.php?rest_route=\/wp\/v2\/types\/page"}],"author":[{"embeddable":true,"href":"https:\/\/bcwil.org.pl\/index.php?rest_route=\/wp\/v2\/users\/1"}],"replies":[{"embeddable":true,"href":"https:\/\/bcwil.org.pl\/index.php?rest_route=%2Fwp%2Fv2%2Fcomments&post=10"}],"version-history":[{"count":27,"href":"https:\/\/bcwil.org.pl\/index.php?rest_route=\/wp\/v2\/pages\/10\/revisions"}],"predecessor-version":[{"id":90,"href":"https:\/\/bcwil.org.pl\/index.php?rest_route=\/wp\/v2\/pages\/10\/revisions\/90"}],"wp:attachment":[{"href":"https:\/\/bcwil.org.pl\/index.php?rest_route=%2Fwp%2Fv2%2Fmedia&parent=10"}],"curies":[{"name":"wp","href":"https:\/\/api.w.org\/{rel}","templated":true}]}}